{"id":83,"date":"2024-02-23T16:01:18","date_gmt":"2024-02-23T15:01:18","guid":{"rendered":"http:\/\/vinsnoll.com\/?page_id=83"},"modified":"2025-09-25T18:50:32","modified_gmt":"2025-09-25T16:50:32","slug":"tarifs","status":"publish","type":"page","link":"https:\/\/vinsnoll.com\/index.php\/tarifs\/","title":{"rendered":"Nos Tarifs"},"content":{"rendered":"\n<div class=\"wp-block-columns alignwide is-layout-flex wp-container-core-columns-is-layout-28f84493 wp-block-columns-is-layout-flex\">\n<div class=\"wp-block-column is-layout-flow wp-block-column-is-layout-flow\" style=\"flex-basis:100%\">\n<div class=\"wp-block-group is-layout-flow wp-block-group-is-layout-flow\">\n<div class=\"wp-block-columns is-layout-flex wp-container-core-columns-is-layout-28f84493 wp-block-columns-is-layout-flex\">\n<div class=\"wp-block-column is-layout-flow wp-block-column-is-layout-flow\" style=\"flex-basis:100%\"><\/div>\n<\/div>\n<\/div>\n<\/div>\n<\/div>\n\n\n\n<p class=\"has-text-align-center has-contrast-color has-text-color has-link-color has-source-serif-pro-font-family wp-elements-7156e390ea47f2323b37951c8fd66d14\"><strong><em>TARIF DEPART CAVE<br>du 1<sup>er&nbsp;<\/sup>F\u00e9vrier 2025 au 31 Janvier 202<\/em>6<\/strong><\/p>\n\n\n\n<p><\/p>\n\n\n\n<figure class=\"wp-block-table is-style-stripes\"><table><tbody><tr><td class=\"has-text-align-left\" data-align=\"left\"><strong><em>VINS FINS D\u2019ALSACE A.O.C. 100 cl<\/em><\/strong><\/td><td><\/td><\/tr><tr><td class=\"has-text-align-left\" data-align=\"left\">EDELZWICKER  &#8212;  sec<\/td><td>6,50\u20ac<\/td><\/tr><tr><td class=\"has-text-align-left\" data-align=\"left\">PINOT NOIR ROS\u00c9  &#8212; sec <\/td><td>6,75\u20ac<\/td><\/tr><tr><td class=\"has-text-align-left\" data-align=\"left\"><\/td><td><\/td><\/tr><tr><td class=\"has-text-align-left\" data-align=\"left\"><strong><em>VINS FINS D\u2019ALSACE A.O.C. 75 cl<\/em><\/strong><\/td><td><\/td><\/tr><tr><td class=\"has-text-align-left\" data-align=\"left\">EDELZWICKER Fruits de Mer&#8211;sec<\/td><td>6,75\u20ac<\/td><\/tr><tr><td class=\"has-text-align-left\" data-align=\"left\">SYLVANER&#8211; sec<\/td><td>6,50\u20ac<\/td><\/tr><tr><td class=\"has-text-align-left\" data-align=\"left\">PINOT BLANC&#8211; sec<\/td><td>7,00\u20ac<\/td><\/tr><tr><td class=\"has-text-align-left\" data-align=\"left\">RIESLING &#8212; sec<\/td><td>7,50\u20ac<\/td><\/tr><tr><td class=\"has-text-align-left\" data-align=\"left\">PINOT NOIR &#8212; sec<\/td><td>8,25\u20ac<\/td><\/tr><tr><td class=\"has-text-align-left\" data-align=\"left\">PINOT GRIS &#8212; Demi-sec<\/td><td>8,00\u20ac<\/td><\/tr><tr><td class=\"has-text-align-left\" data-align=\"left\"><strong>PINOT GRIS Cuv\u00e9e Particuli\u00e8re<\/strong> &#8212; Moelleux<\/td><td>9,00\u20ac<\/td><\/tr><tr><td class=\"has-text-align-left\" data-align=\"left\">MUSCAT&#8211; Sec<\/td><td>7,75\u20ac<\/td><\/tr><tr><td class=\"has-text-align-left\" data-align=\"left\">GEWURZTRAMINER &#8212; Moelleux<\/td><td>8,50\u20ac<\/td><\/tr><tr><td class=\"has-text-align-left\" data-align=\"left\">GEWURZTRAMINER Cuv\u00e9e Particuli\u00e8re &#8212; Moelleux<\/td><td>9,50\u20ac<\/td><\/tr><tr><td class=\"has-text-align-left\" data-align=\"left\"><\/td><td><\/td><\/tr><tr><td class=\"has-text-align-left\" data-align=\"left\"><strong><em>NOS CRUS D&#8217;EXECLLENCE 75 cl<\/em><\/strong><\/td><\/tr><tr><td class=\"has-text-align-left\" data-align=\"left\">RIESLING CUVEE DANIEL &#8212; Sec<\/td><td>10,50\u20ac<\/td><\/tr><tr><td class=\"has-text-align-left\" data-align=\"left\">RIESLING CUVEE CHARLES &#8211;sec<\/td><td>10,50\u20ac<\/td><\/tr><tr><td class=\"has-text-align-left\" data-align=\"left\">PINOT GRIS CUVEE GEORGES &#8212; Moelleux<\/td><td>13,25\u20ac<\/td><\/tr><tr><td class=\"has-text-align-left\" data-align=\"left\">GEWURZTRAMINER CUVEE PASSION &#8212; Moelleux<\/td><td>13,25\u20ac<\/td><\/tr><tr><td class=\"has-text-align-left\" data-align=\"left\">GEWURZTRAMINER CUVEE PRESTIGE &#8212; Moelleux<\/td><td>13,25\u20ac<\/td><\/tr><tr><td class=\"has-text-align-left\" data-align=\"left\"><\/td><td><\/td><\/tr><tr><td class=\"has-text-align-left\" data-align=\"left\"><strong><em>CREMANT D\u2019ALSACE 75 cl<\/em><\/strong><\/td><td>9,75\u20ac<\/td><\/tr><tr><td class=\"has-text-align-left\" data-align=\"left\"><strong><em>CREMANT D\u2019ALSACE ROSE 75 cl<\/em><\/strong><\/td><td>10,25\u20ac<\/td><\/tr><tr><td class=\"has-text-align-left\" data-align=\"left\"><\/td><td><\/td><\/tr><tr><td class=\"has-text-align-left\" data-align=\"left\"><strong><em>Cuv\u00e9e LOGAN 2017 50cl<\/em><\/strong> (remplace la VT 2012)<\/td><td><\/td><\/tr><tr><td class=\"has-text-align-left\" data-align=\"left\">GEWURZTRAMINER &#8212; Doux<\/td><td>16,25\u20ac<\/td><\/tr><tr><td class=\"has-text-align-left\" data-align=\"left\"><strong><em>EAUX DE VIE 70 cl<\/em><\/strong><\/td><td><\/td><\/tr><tr><td class=\"has-text-align-left\" data-align=\"left\">MARC 45\u00b0<\/td><td>21,25\u20ac<\/td><\/tr><tr><td class=\"has-text-align-left\" data-align=\"left\">MARC R\u00c9SERVE 45\u00b0(Vieilli en f\u00fbt de ch\u00eane)<\/td><td>25,25\u20ac<\/td><\/tr><tr><td class=\"has-text-align-left\" data-align=\"left\">MARC DE MUSCAT 45 \u00b0<\/td><td>23,25\u20ac<\/td><\/tr><tr><td class=\"has-text-align-left\" data-align=\"left\">MIRABELLE 45\u00b0<\/td><td>21,25\u20ac<\/td><\/tr><tr><td class=\"has-text-align-left\" data-align=\"left\">QUETSCH 45\u00b0<\/td><td>21,25\u20ac<\/td><\/tr><tr><td class=\"has-text-align-left\" data-align=\"left\">VIEILLE PRUNE 45\u00b0(Vieilli en f\u00fbt de ch\u00eane)<\/td><td>25,25\u20ac<\/td><\/tr><tr><td class=\"has-text-align-left\" data-align=\"left\">KIRSCH 45\u00b0<\/td><td>25,25\u20ac<\/td><\/tr><tr><td class=\"has-text-align-left\" data-align=\"left\">POIRE 45\u00b0<\/td><td>25,25\u20ac<\/td><\/tr><\/tbody><\/table><figcaption class=\"wp-element-caption\"><a href=\"mailto:info@vinsnoll.com?subject=RENSEIGNEMENT\"><strong>Pour conna\u00eetre la disponibilit\u00e9 et les mill\u00e9simes en court ou pour tout autre renseignement veuillez nous contacter: info@vinsnoll.com<\/strong><\/a><br>Conditions de ventes:<br><br>Ces prix s\u2019entendent toutes taxes comprises (T.V.A. 20 % incluse). En cas d\u2019\u00e9puisement d\u2019un mill\u00e9sime le vin sera remplac\u00e9 par le mill\u00e9sime suivant dans la m\u00eame qualit\u00e9 avec ou sans changement de prix.<br><strong>Pour les exp\u00e9ditions en France m\u00e9tropolitaine<\/strong>&nbsp;de 6 \u00e0 71 bouteilles, veuillez nous contacter.<br>FRANCO DE PORT pour toute exp\u00e9dition sup\u00e9rieure \u00e0 71 bouteilles.<br>Livraison en cartons de 6 bouteilles.<br>R\u00e8glement \u00e0 la commande par ch\u00e8que bancaire \u00e0 l\u2019ordre de EARL NOLL Charles. <\/figcaption><\/figure>\n\n\n\n<p class=\"has-text-align-center\">Vous pouvez \u00e9galement t\u00e9l\u00e9charger notre grille tarifaire en suivent ce lien <a href=\"http:\/\/www.archive-host.com\/count-1376642-TARIFS.pdf\">http:\/\/www.archive-host.com\/count-1376642-TARIFS.pdf<\/a><\/p>\n\n\n\n<figure class=\"wp-block-image aligncenter size-full\"><img loading=\"lazy\" decoding=\"async\" width=\"118\" height=\"122\" src=\"http:\/\/vinsnoll.com\/wp-content\/uploads\/2024\/02\/Logo-2.jpg\" alt=\"\" class=\"wp-image-68\"\/><\/figure>\n\n\n\n<figure class=\"wp-block-image aligncenter size-full\"><img loading=\"lazy\" decoding=\"async\" width=\"103\" height=\"144\" src=\"http:\/\/vinsnoll.com\/wp-content\/uploads\/2024\/03\/FILET.jpg\" alt=\"\" class=\"wp-image-146\"\/><\/figure>\n\n\n\n<p class=\"has-text-align-center\"><em>L&#8217; abus d&#8217;alcool est dangereux consommer avec mod\u00e9ration<\/em><\/p>\n\n\n\n<p class=\"has-text-align-center\"><a href=\"http:\/\/vinsnoll.com\/index.php\/politique-de-confidentialite\/\">Politique-de-confidentialite<\/a><\/p>\n\n\n\n<p class=\"has-text-align-center\"><em><br>MAJ  Janvier 202<\/em>5<\/p>\n\n\n\n<p><\/p>\n","protected":false},"excerpt":{"rendered":"<p>TARIF DEPART CAVEdu 1er&nbsp;F\u00e9vrier 2025 au 31 Janvier 2026 VINS FINS D\u2019ALSACE A.O.C. 100 cl EDELZWICKER &#8212; sec 6,50\u20ac PINOT NOIR ROS\u00c9 &#8212; sec 6,75\u20ac VINS FINS D\u2019ALSACE A.O.C. 75 cl EDELZWICKER Fruits de Mer&#8211;sec 6,75\u20ac SYLVANER&#8211; sec 6,50\u20ac PINOT BLANC&#8211; sec 7,00\u20ac RIESLING &#8212; sec 7,50\u20ac PINOT NOIR &#8212; sec 8,25\u20ac PINOT GRIS &#8212; [&hellip;]<\/p>\n","protected":false},"author":1,"featured_media":0,"parent":0,"menu_order":0,"comment_status":"closed","ping_status":"closed","template":"","meta":{"footnotes":""},"class_list":["post-83","page","type-page","status-publish","hentry"],"_links":{"self":[{"href":"https:\/\/vinsnoll.com\/index.php\/wp-json\/wp\/v2\/pages\/83","targetHints":{"allow":["GET"]}}],"collection":[{"href":"https:\/\/vinsnoll.com\/index.php\/wp-json\/wp\/v2\/pages"}],"about":[{"href":"https:\/\/vinsnoll.com\/index.php\/wp-json\/wp\/v2\/types\/page"}],"author":[{"embeddable":true,"href":"https:\/\/vinsnoll.com\/index.php\/wp-json\/wp\/v2\/users\/1"}],"replies":[{"embeddable":true,"href":"https:\/\/vinsnoll.com\/index.php\/wp-json\/wp\/v2\/comments?post=83"}],"version-history":[{"count":15,"href":"https:\/\/vinsnoll.com\/index.php\/wp-json\/wp\/v2\/pages\/83\/revisions"}],"predecessor-version":[{"id":341,"href":"https:\/\/vinsnoll.com\/index.php\/wp-json\/wp\/v2\/pages\/83\/revisions\/341"}],"wp:attachment":[{"href":"https:\/\/vinsnoll.com\/index.php\/wp-json\/wp\/v2\/media?parent=83"}],"curies":[{"name":"wp","href":"https:\/\/api.w.org\/{rel}","templated":true}]}}