{"id":66,"date":"2024-02-23T10:11:20","date_gmt":"2024-02-23T09:11:20","guid":{"rendered":"http:\/\/vinsnoll.com\/?page_id=66"},"modified":"2024-03-13T18:54:50","modified_gmt":"2024-03-13T17:54:50","slug":"maison-charles-noll","status":"publish","type":"page","link":"https:\/\/vinsnoll.com\/index.php\/maison-charles-noll\/","title":{"rendered":"Domaine Charles NOLL"},"content":{"rendered":"\n<p class=\"has-text-align-center has-source-serif-pro-font-family\"><em>Le Domaine Charles NOLL reste une exploitation familiale o\u00f9 tout le savoir-faire, comme tailler soigner la vigne, \u00e9lever, vinifier et mettre en bouteilles ses grands vins de terroir, se transmet de p\u00e8re en fils \u2013 fille, depuis plusieurs g\u00e9n\u00e9rations de vignerons et ce depuis 1864.<br>Aujourd\u2019hui c\u2019est moi, NOLL Daniel, qui est \u00e0 la t\u00eate de cette exploitation, je repr\u00e9sente la cinqui\u00e8me g\u00e9n\u00e9ration, et je reste tr\u00e8s attach\u00e9 aux traditions de produire des vins typiques, riches, frais et rac\u00e9s.<\/em><\/p>\n\n\n\n<figure class=\"wp-block-image size-full\"><img loading=\"lazy\" decoding=\"async\" width=\"1024\" height=\"723\" src=\"http:\/\/vinsnoll.com\/wp-content\/uploads\/2024\/02\/Earl-Noll-Charles-Mittelwihr-3.jpg\" alt=\"\" class=\"wp-image-67\" srcset=\"https:\/\/vinsnoll.com\/wp-content\/uploads\/2024\/02\/Earl-Noll-Charles-Mittelwihr-3.jpg 1024w, https:\/\/vinsnoll.com\/wp-content\/uploads\/2024\/02\/Earl-Noll-Charles-Mittelwihr-3-300x212.jpg 300w, https:\/\/vinsnoll.com\/wp-content\/uploads\/2024\/02\/Earl-Noll-Charles-Mittelwihr-3-768x542.jpg 768w\" sizes=\"auto, (max-width: 1024px) 100vw, 1024px\" \/><\/figure>\n\n\n\n<p class=\"has-text-align-center has-contrast-color has-text-color has-link-color has-source-serif-pro-font-family wp-elements-2a16a2b6564dd29692cc3e2a5f185302\" style=\"font-size:clamp(1.502rem, 1.502rem + ((1vw - 0.2rem) * 1.815), 2.5rem);\"><strong><em><strong>Petit historique de l\u2019exploitation.<\/strong><\/em><\/strong><\/p>\n\n\n\n<p class=\"has-text-align-center\"><em>De 1864 \u00e0 1902: WINTER Georges qui vinifiait ses vins et les vendait en f\u00fbts.<br>C\u2019est en 1902 que son fils WINTER Emile prit la succession.<br>En 1932, c\u2019est mon grand-p\u00e8re WINTER Erwin qui prend la suite et fait la premi\u00e8re mise en bouteille en 1946.<br>En 1958, ma m\u00e8re fille unique de WINTER Erwin, \u00e9pouse NOLL Charles, et \u00e0 leur tour ils reprennent l\u2019exploitation de 1962 jusqu\u2019en 1983 o\u00f9 malheureusement NOLL Charles d\u00e9c\u00e8de.<br>Apr\u00e8s le d\u00e9c\u00e8s de mon p\u00e8re je rentre dans l\u2019exploitation en tant qu\u2019aide familiale jusqu\u2019en 1987 o\u00f9 je prends la g\u00e9rance de l\u2019exploitation, en incluant \u00e9galement le vignoble de mes beaux-parents<\/em><\/p>\n\n\n\n<figure class=\"wp-block-image aligncenter size-full is-resized\"><img loading=\"lazy\" decoding=\"async\" width=\"118\" height=\"122\" src=\"http:\/\/vinsnoll.com\/wp-content\/uploads\/2024\/02\/Logo-2.jpg\" alt=\"\" class=\"wp-image-68\" style=\"width:149px;height:auto\"\/><\/figure>\n\n\n\n<figure class=\"wp-block-image aligncenter size-full\"><img loading=\"lazy\" decoding=\"async\" width=\"103\" height=\"144\" src=\"http:\/\/vinsnoll.com\/wp-content\/uploads\/2024\/03\/FILET.jpg\" alt=\"\" class=\"wp-image-146\"\/><\/figure>\n\n\n\n<p class=\"has-text-align-center\"><strong><em>L&#8217; abus d&#8217;alcool est dangereux consommer avec mod\u00e9ration<\/em><\/strong><\/p>\n\n\n\n<p class=\"has-text-align-center\"><a href=\"http:\/\/vinsnoll.com\/index.php\/politique-de-confidentialite\/\">Politique-de-confidentialite<\/a><\/p>\n\n\n\n<p class=\"has-text-align-center\"><strong><em><br>MAJ  Mars 2024<\/em><\/strong><\/p>\n","protected":false},"excerpt":{"rendered":"<p>Le Domaine Charles NOLL reste une exploitation familiale o\u00f9 tout le savoir-faire, comme tailler soigner la vigne, \u00e9lever, vinifier et mettre en bouteilles ses grands vins de terroir, se transmet de p\u00e8re en fils \u2013 fille, depuis plusieurs g\u00e9n\u00e9rations de vignerons et ce depuis 1864.Aujourd\u2019hui c\u2019est moi, NOLL Daniel, qui est \u00e0 la t\u00eate de [&hellip;]<\/p>\n","protected":false},"author":1,"featured_media":0,"parent":0,"menu_order":0,"comment_status":"closed","ping_status":"closed","template":"","meta":{"footnotes":""},"class_list":["post-66","page","type-page","status-publish","hentry"],"_links":{"self":[{"href":"https:\/\/vinsnoll.com\/index.php\/wp-json\/wp\/v2\/pages\/66","targetHints":{"allow":["GET"]}}],"collection":[{"href":"https:\/\/vinsnoll.com\/index.php\/wp-json\/wp\/v2\/pages"}],"about":[{"href":"https:\/\/vinsnoll.com\/index.php\/wp-json\/wp\/v2\/types\/page"}],"author":[{"embeddable":true,"href":"https:\/\/vinsnoll.com\/index.php\/wp-json\/wp\/v2\/users\/1"}],"replies":[{"embeddable":true,"href":"https:\/\/vinsnoll.com\/index.php\/wp-json\/wp\/v2\/comments?post=66"}],"version-history":[{"count":10,"href":"https:\/\/vinsnoll.com\/index.php\/wp-json\/wp\/v2\/pages\/66\/revisions"}],"predecessor-version":[{"id":232,"href":"https:\/\/vinsnoll.com\/index.php\/wp-json\/wp\/v2\/pages\/66\/revisions\/232"}],"wp:attachment":[{"href":"https:\/\/vinsnoll.com\/index.php\/wp-json\/wp\/v2\/media?parent=66"}],"curies":[{"name":"wp","href":"https:\/\/api.w.org\/{rel}","templated":true}]}}