{"id":108,"date":"2024-02-23T18:30:34","date_gmt":"2024-02-23T17:30:34","guid":{"rendered":"http:\/\/vinsnoll.com\/?page_id=108"},"modified":"2024-03-12T20:38:26","modified_gmt":"2024-03-12T19:38:26","slug":"cave-et-caveau","status":"publish","type":"page","link":"https:\/\/vinsnoll.com\/index.php\/cave-et-caveau\/","title":{"rendered":"Cave et caveau"},"content":{"rendered":"\n<p class=\"has-text-align-center has-contrast-color has-text-color has-link-color has-source-serif-pro-font-family wp-elements-f1a9ad46e5601709b9f57bb4c27746d6\"><em><strong>Lors de votre s\u00e9jour en Alsace, n\u2019h\u00e9sitez pas \u00e0 venir nous rendre visite.<\/strong><\/em><\/p>\n\n\n\n<figure class=\"wp-block-image aligncenter size-large\"><img loading=\"lazy\" decoding=\"async\" width=\"768\" height=\"1024\" src=\"https:\/\/vinsnoll.com\/wp-content\/uploads\/2024\/03\/IMG_20220508_093432-768x1024.jpg\" alt=\"\" class=\"wp-image-227\" srcset=\"https:\/\/vinsnoll.com\/wp-content\/uploads\/2024\/03\/IMG_20220508_093432-768x1024.jpg 768w, https:\/\/vinsnoll.com\/wp-content\/uploads\/2024\/03\/IMG_20220508_093432-225x300.jpg 225w, https:\/\/vinsnoll.com\/wp-content\/uploads\/2024\/03\/IMG_20220508_093432-1152x1536.jpg 1152w, https:\/\/vinsnoll.com\/wp-content\/uploads\/2024\/03\/IMG_20220508_093432-1536x2048.jpg 1536w, https:\/\/vinsnoll.com\/wp-content\/uploads\/2024\/03\/IMG_20220508_093432-scaled.jpg 1920w\" sizes=\"auto, (max-width: 768px) 100vw, 768px\" \/><\/figure>\n\n\n\n<figure class=\"wp-block-image size-large\"><img loading=\"lazy\" decoding=\"async\" width=\"1024\" height=\"768\" src=\"http:\/\/vinsnoll.com\/wp-content\/uploads\/2024\/02\/2003.12.04-1024x768.jpg\" alt=\"\" class=\"wp-image-137\" srcset=\"https:\/\/vinsnoll.com\/wp-content\/uploads\/2024\/02\/2003.12.04-1024x768.jpg 1024w, https:\/\/vinsnoll.com\/wp-content\/uploads\/2024\/02\/2003.12.04-300x225.jpg 300w, https:\/\/vinsnoll.com\/wp-content\/uploads\/2024\/02\/2003.12.04-768x576.jpg 768w, https:\/\/vinsnoll.com\/wp-content\/uploads\/2024\/02\/2003.12.04-1536x1152.jpg 1536w, https:\/\/vinsnoll.com\/wp-content\/uploads\/2024\/02\/2003.12.04-2048x1536.jpg 2048w\" sizes=\"auto, (max-width: 1024px) 100vw, 1024px\" \/><\/figure>\n\n\n\n<figure class=\"wp-block-image size-large\"><img loading=\"lazy\" decoding=\"async\" width=\"768\" height=\"1024\" src=\"https:\/\/vinsnoll.com\/wp-content\/uploads\/2024\/03\/IMG_20220811_113157-768x1024.jpg\" alt=\"\" class=\"wp-image-229\" srcset=\"https:\/\/vinsnoll.com\/wp-content\/uploads\/2024\/03\/IMG_20220811_113157-768x1024.jpg 768w, https:\/\/vinsnoll.com\/wp-content\/uploads\/2024\/03\/IMG_20220811_113157-225x300.jpg 225w, https:\/\/vinsnoll.com\/wp-content\/uploads\/2024\/03\/IMG_20220811_113157-1152x1536.jpg 1152w, https:\/\/vinsnoll.com\/wp-content\/uploads\/2024\/03\/IMG_20220811_113157-1536x2048.jpg 1536w, https:\/\/vinsnoll.com\/wp-content\/uploads\/2024\/03\/IMG_20220811_113157-scaled.jpg 1920w\" sizes=\"auto, (max-width: 768px) 100vw, 768px\" \/><\/figure>\n\n\n\n<figure class=\"wp-block-image size-large\"><img loading=\"lazy\" decoding=\"async\" width=\"1024\" height=\"693\" src=\"http:\/\/vinsnoll.com\/wp-content\/uploads\/2024\/02\/Earl-Noll-Charles-Mittelwihr-1-1024x693.jpg\" alt=\"\" class=\"wp-image-138\" srcset=\"https:\/\/vinsnoll.com\/wp-content\/uploads\/2024\/02\/Earl-Noll-Charles-Mittelwihr-1-1024x693.jpg 1024w, https:\/\/vinsnoll.com\/wp-content\/uploads\/2024\/02\/Earl-Noll-Charles-Mittelwihr-1-300x203.jpg 300w, https:\/\/vinsnoll.com\/wp-content\/uploads\/2024\/02\/Earl-Noll-Charles-Mittelwihr-1-768x520.jpg 768w, https:\/\/vinsnoll.com\/wp-content\/uploads\/2024\/02\/Earl-Noll-Charles-Mittelwihr-1-1536x1039.jpg 1536w, https:\/\/vinsnoll.com\/wp-content\/uploads\/2024\/02\/Earl-Noll-Charles-Mittelwihr-1-2048x1385.jpg 2048w\" sizes=\"auto, (max-width: 1024px) 100vw, 1024px\" \/><\/figure>\n\n\n\n<p class=\"has-text-align-center has-contrast-color has-text-color has-link-color has-source-serif-pro-font-family wp-elements-68cf25fea2a225a3047df314051932e2\"><strong><em>Nous serons heureux de vous accueillir dans notre caveau pour une d\u00e9gustation de nos crus et vous faire partager notre passion de ce m\u00e9tier, qui nous permet d\u2019\u00e9laborer tous ces vins. <\/em><\/strong><\/p>\n\n\n\n<p class=\"has-text-align-center has-contrast-color has-text-color has-link-color has-source-serif-pro-font-family wp-elements-c0458296cc288d2a183ef84b70f2f6b6\"><strong><em>Nous serons \u00e0 votre enti\u00e8re disposition pour r\u00e9pondre \u00e0 toutes vos questions avec l\u2019appui d\u2019un album photo pour vous expliquer notre travail tout au long de l\u2019ann\u00e9e.<br>Nous vous ferons \u00e9galement visiter notre cave avec ses magnifiques f\u00fbts en ch\u00eane o\u00f9 les vins sont \u00e9lev\u00e9s dans la tradition et m\u00fbrissent avec harmonie.<\/em><\/strong><\/p>\n\n\n\n<figure class=\"wp-block-image size-large\"><img loading=\"lazy\" decoding=\"async\" width=\"1024\" height=\"768\" src=\"http:\/\/vinsnoll.com\/wp-content\/uploads\/2024\/02\/DSC00011-1024x768.jpg\" alt=\"\" class=\"wp-image-139\" srcset=\"https:\/\/vinsnoll.com\/wp-content\/uploads\/2024\/02\/DSC00011-1024x768.jpg 1024w, https:\/\/vinsnoll.com\/wp-content\/uploads\/2024\/02\/DSC00011-300x225.jpg 300w, https:\/\/vinsnoll.com\/wp-content\/uploads\/2024\/02\/DSC00011-768x576.jpg 768w, https:\/\/vinsnoll.com\/wp-content\/uploads\/2024\/02\/DSC00011-1536x1152.jpg 1536w, https:\/\/vinsnoll.com\/wp-content\/uploads\/2024\/02\/DSC00011-2048x1536.jpg 2048w\" sizes=\"auto, (max-width: 1024px) 100vw, 1024px\" \/><\/figure>\n\n\n\n<figure class=\"wp-block-image aligncenter size-full\"><img loading=\"lazy\" decoding=\"async\" width=\"118\" height=\"122\" src=\"http:\/\/vinsnoll.com\/wp-content\/uploads\/2024\/02\/Logo-2.jpg\" alt=\"\" class=\"wp-image-68\"\/><\/figure>\n\n\n\n<figure class=\"wp-block-image aligncenter size-full\"><img loading=\"lazy\" decoding=\"async\" width=\"103\" height=\"144\" src=\"http:\/\/vinsnoll.com\/wp-content\/uploads\/2024\/03\/FILET.jpg\" alt=\"\" class=\"wp-image-146\"\/><\/figure>\n\n\n\n<p class=\"has-text-align-center\"><em><strong>L\u2019 abus d\u2019alcool est dangereux consommer avec mod\u00e9ration<\/strong><\/em> <\/p>\n\n\n\n<p class=\"has-text-align-center\">Politique-de- Confidentialite<em><strong><br>MAJ Mars 2024<\/strong><\/em><\/p>\n","protected":false},"excerpt":{"rendered":"<p>Lors de votre s\u00e9jour en Alsace, n\u2019h\u00e9sitez pas \u00e0 venir nous rendre visite. Nous serons heureux de vous accueillir dans notre caveau pour une d\u00e9gustation de nos crus et vous faire partager notre passion de ce m\u00e9tier, qui nous permet d\u2019\u00e9laborer tous ces vins. Nous serons \u00e0 votre enti\u00e8re disposition pour r\u00e9pondre \u00e0 toutes vos [&hellip;]<\/p>\n","protected":false},"author":1,"featured_media":0,"parent":0,"menu_order":0,"comment_status":"closed","ping_status":"closed","template":"","meta":{"footnotes":""},"class_list":["post-108","page","type-page","status-publish","hentry"],"_links":{"self":[{"href":"https:\/\/vinsnoll.com\/index.php\/wp-json\/wp\/v2\/pages\/108","targetHints":{"allow":["GET"]}}],"collection":[{"href":"https:\/\/vinsnoll.com\/index.php\/wp-json\/wp\/v2\/pages"}],"about":[{"href":"https:\/\/vinsnoll.com\/index.php\/wp-json\/wp\/v2\/types\/page"}],"author":[{"embeddable":true,"href":"https:\/\/vinsnoll.com\/index.php\/wp-json\/wp\/v2\/users\/1"}],"replies":[{"embeddable":true,"href":"https:\/\/vinsnoll.com\/index.php\/wp-json\/wp\/v2\/comments?post=108"}],"version-history":[{"count":8,"href":"https:\/\/vinsnoll.com\/index.php\/wp-json\/wp\/v2\/pages\/108\/revisions"}],"predecessor-version":[{"id":230,"href":"https:\/\/vinsnoll.com\/index.php\/wp-json\/wp\/v2\/pages\/108\/revisions\/230"}],"wp:attachment":[{"href":"https:\/\/vinsnoll.com\/index.php\/wp-json\/wp\/v2\/media?parent=108"}],"curies":[{"name":"wp","href":"https:\/\/api.w.org\/{rel}","templated":true}]}}